{"id":9,"date":"2024-12-13T15:25:38","date_gmt":"2024-12-13T15:25:38","guid":{"rendered":"https:\/\/tani-parkett.ch\/?page_id=9"},"modified":"2024-12-13T15:25:46","modified_gmt":"2024-12-13T15:25:46","slug":"impressum","status":"publish","type":"page","link":"https:\/\/tani-parkett.ch\/?page_id=9","title":{"rendered":"Impressum"},"content":{"rendered":"\n\n\t\n\tTani Parkett GmbH<br \/>\nScheideggstrasse 30<br \/>\n8404 Winterthur<br \/>\nSchweiz\nVertreten durch:<br \/>\nGesch\u00e4ftsf\u00fchrer: Tanyeri David\nKontaktinformationen:<br \/>\nTelefon: +41 (0)44 940 25 69<br \/>\nE-Mail: info@tani-parkett.ch<br \/>\nWeb: http:\/\/www.tani-parkett.ch\nHandelsregistereintrag:<br \/>\nEingetragen im Handelsregister des Kantons Z\u00fcrich<br \/>\nHandelsregisternummer: CHE-135.970.980\nUmsatzsteuer-Identifikationsnummer (UID):<br \/>\nUID: CHE-135.970.980\nHaftungsausschluss:<br \/>\nDie Inhalte unserer Website wurden mit gr\u00f6\u00dfter Sorgfalt erstellt. F\u00fcr die Richtigkeit, Vollst\u00e4ndigkeit und Aktualit\u00e4t der Inhalte k\u00f6nnen wir jedoch keine Gew\u00e4hr \u00fcbernehmen. Als Diensteanbieter sind wir gem\u00e4\u00df Art. 8 DSG und Art. 13 DSGVO f\u00fcr eigene Inhalte auf diesen Seiten nach den allgemeinen Gesetzen verantwortlich. Wir sind jedoch nicht verpflichtet, \u00fcbermittelte oder gespeicherte fremde Informationen zu \u00fcberwachen oder nach Umst\u00e4nden zu forschen, die auf eine rechtswidrige T\u00e4tigkeit hinweisen. Verpflichtungen zur Entfernung oder Sperrung der Nutzung von Informationen nach den allgemeinen Gesetzen bleiben hiervon unber\u00fchrt. Eine diesbez\u00fcgliche Haftung ist jedoch erst ab dem Zeitpunkt der Kenntnis einer konkreten Rechtsverletzung m\u00f6glich. Bei Bekanntwerden von entsprechenden Rechtsverletzungen werden wir diese Inhalte umgehend entfernen.\nUrheberrecht:<br \/>\nDie durch die Seitenbetreiber erstellten Inhalte und Werke auf diesen Seiten unterliegen dem schweizerischen Urheberrecht. Die Vervielf\u00e4ltigung, Bearbeitung, Verbreitung und jede Art der Verwertung au\u00dferhalb der Grenzen des Urheberrechtes bed\u00fcrfen der schriftlichen Zustimmung des jeweiligen Autors bzw. Erstellers. Downloads und Kopien dieser Seite sind nur f\u00fcr den privaten, nicht kommerziellen Gebrauch gestattet. Soweit die Inhalte auf dieser Seite nicht vom Betreiber erstellt wurden, werden die Urheberrechte Dritter beachtet. Insbesondere werden Inhalte Dritter als solche gekennzeichnet. Sollten Sie trotzdem auf eine Urheberrechtsverletzung aufmerksam werden, bitten wir um einen entsprechenden Hinweis. Bei Bekanntwerden von Rechtsverletzungen werden wir derartige Inhalte umgehend entfernen.\n<p>Stand: Dezember 2024<\/p>\n<p>&nbsp;<\/p>\n\n","protected":false},"excerpt":{"rendered":"<p>Tani Parkett GmbH Scheideggstrasse 30 8404 Winterthur Schweiz Vertreten durch: Gesch\u00e4ftsf\u00fchrer: Tanyeri David Kontaktinformationen: Telefon: +41 (0)44 940 25 69 E-Mail: info@tani-parkett.ch Web: http:\/\/www.tani-parkett.ch Handelsregistereintrag: Eingetragen im Handelsregister des Kantons Z\u00fcrich Handelsregisternummer: CHE-135.970.980 Umsatzsteuer-Identifikationsnummer (UID): UID: CHE-135.970.980 Haftungsausschluss: Die Inhalte unserer Website wurden mit gr\u00f6\u00dfter Sorgfalt erstellt. F\u00fcr die Richtigkeit, Vollst\u00e4ndigkeit und Aktualit\u00e4t der Inhalte&hellip;<\/p>\n","protected":false},"author":1,"featured_media":0,"parent":0,"menu_order":0,"comment_status":"closed","ping_status":"closed","template":"","meta":{"footnotes":""},"class_list":["post-9","page","type-page","status-publish","hentry"],"_links":{"self":[{"href":"https:\/\/tani-parkett.ch\/index.php?rest_route=\/wp\/v2\/pages\/9","targetHints":{"allow":["GET"]}}],"collection":[{"href":"https:\/\/tani-parkett.ch\/index.php?rest_route=\/wp\/v2\/pages"}],"about":[{"href":"https:\/\/tani-parkett.ch\/index.php?rest_route=\/wp\/v2\/types\/page"}],"author":[{"embeddable":true,"href":"https:\/\/tani-parkett.ch\/index.php?rest_route=\/wp\/v2\/users\/1"}],"replies":[{"embeddable":true,"href":"https:\/\/tani-parkett.ch\/index.php?rest_route=%2Fwp%2Fv2%2Fcomments&post=9"}],"version-history":[{"count":3,"href":"https:\/\/tani-parkett.ch\/index.php?rest_route=\/wp\/v2\/pages\/9\/revisions"}],"predecessor-version":[{"id":13,"href":"https:\/\/tani-parkett.ch\/index.php?rest_route=\/wp\/v2\/pages\/9\/revisions\/13"}],"wp:attachment":[{"href":"https:\/\/tani-parkett.ch\/index.php?rest_route=%2Fwp%2Fv2%2Fmedia&parent=9"}],"curies":[{"name":"wp","href":"https:\/\/api.w.org\/{rel}","templated":true}]}}